{"id":920,"date":"2024-05-12T22:43:55","date_gmt":"2024-05-12T19:43:55","guid":{"rendered":"https:\/\/obentarim.com\/?page_id=920"},"modified":"2024-05-12T22:47:40","modified_gmt":"2024-05-12T19:47:40","slug":"iletisim","status":"publish","type":"page","link":"https:\/\/obentarim.com\/?page_id=920","title":{"rendered":"\u0130LET\u0130\u015e\u0130M"},"content":{"rendered":"\n<h4 class=\"wp-block-heading\"><strong>Merkez:<\/strong><\/h4>\n\n\n\n<h4 class=\"wp-block-heading\"><\/h4>\n\n\n\n<h6 class=\"wp-block-heading\">Ac\u0131badem\u00a0 mahallesi,Gayretli\u00a0 Sokak 20\/10 \u00dcsk\u00fcdar\/\u0130STANBUL\u00a0 \u00a0\u00a0Telefon :0216 346 9888\u00a0\u00a0\u00a0\u00a0\u00a0 Faks: 0216 346 9828<\/h6>\n\n\n<p><iframe src=\"https:\/\/www.google.com\/maps\/embed?pb=!1m18!1m12!1m3!1d3011.107473101714!2d29.049692276551777!3d41.00102081987088!2m3!1f0!2f0!3f0!3m2!1i1024!2i768!4f13.1!3m3!1m2!1s0x14cac7f0b14a4291%3A0x13d77bd82fe2e22c!2zQWPEsWJhZGVtLCBHYXlyZXRsaSBTb2thxJ_EsSBObzoyMCBEOjEwLCAzNDY2MCDDnHNrw7xkYXIvxLBzdGFuYnVs!5e0!3m2!1str!2str!4v1715543026643!5m2!1str!2str\" width=\"600\" height=\"450\" style=\"border:0;\" allowfullscreen=\"\" loading=\"lazy\" referrerpolicy=\"no-referrer-when-downgrade\"><\/iframe><\/p>\n\n\n\n<h4 class=\"wp-block-heading\"><strong>\u00c7\u0130FTL\u0130K (\u015eube):<\/strong><\/h4>\n\n\n\n<h6 class=\"wp-block-heading\"><strong>K\u00fc\u00e7\u00fckkar\u0131\u015ft\u0131ran Mah.\u00c7\u0131k\u0131\u015f\u0131&nbsp; No:218&nbsp; B\u00fcy\u00fckkar\u0131\u015ft\u0131ran\/L\u00fcleburgaz\/KIRKLAREL\u0130&nbsp; &nbsp;<\/strong><strong>Telefon:0288446 31 45&nbsp;&nbsp; Faks:0288 446 31 47<\/strong><\/h6>\n\n\n<p><iframe src=\"https:\/\/www.google.com\/maps\/embed?pb=!1m18!1m12!1m3!1d23968.704871591442!2d27.520000356851103!3d41.328697390492565!2m3!1f0!2f0!3f0!3m2!1i1024!2i768!4f13.1!3m3!1m2!1s0x14b4c7580b3356d5%3A0x811b41b57fc3da4!2sOben%20Tar%C4%B1m!5e0!3m2!1str!2str!4v1715543253959!5m2!1str!2str\" width=\"600\" height=\"450\" style=\"border:0;\" allowfullscreen=\"\" loading=\"lazy\" referrerpolicy=\"no-referrer-when-downgrade\"><\/iframe><\/p>\n","protected":false},"excerpt":{"rendered":"<p>Merkez: Ac\u0131badem\u00a0 mahallesi,Gayretli\u00a0 Sokak 20\/10 \u00dcsk\u00fcdar\/\u0130STANBUL\u00a0 \u00a0\u00a0Telefon :0216 346 9888\u00a0\u00a0\u00a0\u00a0\u00a0 Faks: 0216 346 9828 \u00c7\u0130FTL\u0130K (\u015eube): K\u00fc\u00e7\u00fckkar\u0131\u015ft\u0131ran Mah.\u00c7\u0131k\u0131\u015f\u0131&nbsp; No:218&nbsp; B\u00fcy\u00fckkar\u0131\u015ft\u0131ran\/L\u00fcleburgaz\/KIRKLAREL\u0130&nbsp; &nbsp;Telefon:0288446 31 45&nbsp;&nbsp; Faks:0288 446&hellip;<\/p>\n","protected":false},"author":1,"featured_media":0,"parent":0,"menu_order":0,"comment_status":"closed","ping_status":"closed","template":"","meta":{"footnotes":""},"class_list":["post-920","page","type-page","status-publish","hentry"],"_links":{"self":[{"href":"https:\/\/obentarim.com\/index.php?rest_route=\/wp\/v2\/pages\/920","targetHints":{"allow":["GET"]}}],"collection":[{"href":"https:\/\/obentarim.com\/index.php?rest_route=\/wp\/v2\/pages"}],"about":[{"href":"https:\/\/obentarim.com\/index.php?rest_route=\/wp\/v2\/types\/page"}],"author":[{"embeddable":true,"href":"https:\/\/obentarim.com\/index.php?rest_route=\/wp\/v2\/users\/1"}],"replies":[{"embeddable":true,"href":"https:\/\/obentarim.com\/index.php?rest_route=%2Fwp%2Fv2%2Fcomments&post=920"}],"version-history":[{"count":4,"href":"https:\/\/obentarim.com\/index.php?rest_route=\/wp\/v2\/pages\/920\/revisions"}],"predecessor-version":[{"id":927,"href":"https:\/\/obentarim.com\/index.php?rest_route=\/wp\/v2\/pages\/920\/revisions\/927"}],"wp:attachment":[{"href":"https:\/\/obentarim.com\/index.php?rest_route=%2Fwp%2Fv2%2Fmedia&parent=920"}],"curies":[{"name":"wp","href":"https:\/\/api.w.org\/{rel}","templated":true}]}}