{"id":899,"date":"2024-05-12T19:31:15","date_gmt":"2024-05-12T19:31:15","guid":{"rendered":"https:\/\/obentarim.com\/?page_id=899"},"modified":"2024-05-12T19:32:10","modified_gmt":"2024-05-12T19:32:10","slug":"hijyen","status":"publish","type":"page","link":"https:\/\/obentarim.com\/?page_id=899","title":{"rendered":"H\u0130JYEN"},"content":{"rendered":"\n<p><strong>Hijyen Standartlar\u0131n\u0131 Sizler i\u00e7in y\u00fckseltiyoruz.<\/strong><\/p>\n\n\n\n<div class=\"wp-block-columns is-layout-flex wp-container-core-columns-is-layout-28f84493 wp-block-columns-is-layout-flex\">\n<div class=\"wp-block-column is-layout-flow wp-block-column-is-layout-flow\" style=\"flex-basis:33.33%\">\n<figure class=\"wp-block-image size-full is-resized\"><img loading=\"lazy\" decoding=\"async\" width=\"800\" height=\"533\" src=\"https:\/\/obentarim.com\/wp-content\/uploads\/2024\/05\/Hijyen-InekMemesi.jpg\" alt=\"\" class=\"wp-image-831\" style=\"width:292px;height:auto\" srcset=\"https:\/\/obentarim.com\/wp-content\/uploads\/2024\/05\/Hijyen-InekMemesi.jpg 800w, https:\/\/obentarim.com\/wp-content\/uploads\/2024\/05\/Hijyen-InekMemesi-300x200.jpg 300w, https:\/\/obentarim.com\/wp-content\/uploads\/2024\/05\/Hijyen-InekMemesi-768x512.jpg 768w\" sizes=\"auto, (max-width: 800px) 100vw, 800px\" \/><\/figure>\n<\/div>\n\n\n\n<div class=\"wp-block-column is-layout-flow wp-block-column-is-layout-flow\" style=\"flex-basis:66.66%\">\n<p>OBEN ailesi olarak sa\u011fl\u0131\u011f\u0131n\u0131z bizim i\u00e7in \u00e7ok \u00f6nemli bu bilin\u00e7 ile ine\u011fin memesinden \u00e7\u0131kan s\u00fct\u00fc temiz bir \u015fekilde fabrikaya ula\u015ft\u0131rmak i\u00e7in yap\u0131lan i\u015flemler, sa\u011f\u0131m \u00f6ncesi meme temizli\u011finden ba\u015flar. \u00c7iftli\u011fimizde sa\u011f\u0131lan her ine\u011fin meme u\u00e7lar\u0131 tek tek temizlenir. Temiz meme, hem ine\u011fin sa\u011fl\u0131\u011f\u0131 i\u00e7in hem de sa\u011f\u0131lan s\u00fct\u00fcn hijyeni i\u00e7in \u00e7ok \u00f6nemlidir.T\u00fcm bu i\u015flemler Avrupa Birli\u011fi Standartlar\u0131na ek olarak OBEN olarak belirledi\u011fimiz standartlar\u0131da ekledik. Her \u015fey sa\u011fl\u0131kl\u0131 s\u00fct\u00fc sizlere ula\u015ft\u0131rmak i\u00e7in.<\/p>\n\n\n\n<p><\/p>\n<\/div>\n<\/div>\n\n\n\n<div class=\"wp-block-columns is-layout-flex wp-container-core-columns-is-layout-28f84493 wp-block-columns-is-layout-flex\">\n<div class=\"wp-block-column is-layout-flow wp-block-column-is-layout-flow\" style=\"flex-basis:66.66%\">\n<p>S\u00fct sadece insanlar i\u00e7in de\u011fil, mikroplar i\u00e7in de \u00e7ok iyi bir besin kayna\u011f\u0131d\u0131r. S\u00fcte girmeyi ba\u015faran mikroplar h\u0131zla \u00e7o\u011fal\u0131r ve s\u00fct\u00fcn kalitesini bozarlar. Bu sebeple s\u00fct\u00fcn temas etti\u011fi t\u00fcm y\u00fczeyler her sa\u011f\u0131m sonras\u0131nda dezenfekte edilir. Bunun yan\u0131 s\u0131ra mikroplar\u0131n \u00fcremesini \u00f6nlemek i\u00e7in paslanmaz borular sayesinde s\u00fct el de\u011fmeden an\u0131nda so\u011futma tanklar\u0131na aktar\u0131l\u0131r. Burada k\u0131sa bir s\u00fcrede 38.5 derece s\u0131cakl\u0131kta sa\u011f\u0131lan s\u00fct 4 dereceye d\u00fc\u015f\u00fcr\u00fcl\u00fcr ve mikrop \u00fcremesinin \u00f6n\u00fcne ge\u00e7ilir.<\/p>\n<\/div>\n\n\n\n<div class=\"wp-block-column is-layout-flow wp-block-column-is-layout-flow\" style=\"flex-basis:33.33%\">\n<figure class=\"wp-block-image size-full is-resized\"><img loading=\"lazy\" decoding=\"async\" width=\"512\" height=\"309\" src=\"https:\/\/obentarim.com\/wp-content\/uploads\/2024\/05\/soutma-tanki.jpg\" alt=\"\" class=\"wp-image-854\" style=\"width:342px;height:auto\" srcset=\"https:\/\/obentarim.com\/wp-content\/uploads\/2024\/05\/soutma-tanki.jpg 512w, https:\/\/obentarim.com\/wp-content\/uploads\/2024\/05\/soutma-tanki-300x181.jpg 300w\" sizes=\"auto, (max-width: 512px) 100vw, 512px\" \/><\/figure>\n<\/div>\n<\/div>\n\n\n\n<p><strong>HAYVANLARIN TEM\u0130ZL\u0130\u011e\u0130<\/strong><br>T\u00fcm hayvanlar temiz tutulmal\u0131<br>Yatma yerleri yeterli b\u00fcy\u00fckl\u00fckte, kuru ve temiz olmal\u0131d\u0131r<br>Hayvanlar\u0131n ge\u00e7i\u015f yollar\u0131 d\u0131\u015fk\u0131 ve idrardan ar\u0131nm\u0131\u015f temiz olmal\u0131d\u0131r.<br>Yemleme alanlar\u0131, y\u00fcr\u00fcy\u00fc\u015f alanlar\u0131 ve ge\u00e7i\u015fler d\u0131\u015fk\u0131lardan ar\u0131nm\u0131\u015f haval\u0131 temiz olmal\u0131d\u0131r.<\/p>\n\n\n\n<p><strong>S\u00dcT SA\u011eIM UYGULAMALARI<\/strong><br>Her hayvan\u0131n s\u00fct\u00fc fiziksel kimyasal ve di\u011fer anormallikler a\u00e7\u0131s\u0131ndan kontrol edilmelidir<br>Bozuk s\u00fct, s\u00fct tank\u0131na girmemelidir<br>Sa\u011f\u0131mdan \u00f6nce memeler, meme ba\u015flar\u0131 ve yan k\u0131s\u0131mlar\u0131 temiz ve kuru olmal\u0131d\u0131r<br>Sa\u011f\u0131mc\u0131n\u0131n elleri , temas y\u00fczeyleri,ve s\u00fct sa\u011f\u0131m ekipman\u0131n\u0131n devaml\u0131 temiz olmas\u0131 gerekmektedir.<\/p>\n\n\n\n<p><strong>MEME BA\u015eININ TEM\u0130ZLENMES\u0130<\/strong><br>S\u00fct\u00fcn kontamine olmas\u0131n\u0131 \u00f6nlemek i\u00e7in meme ba\u015flar\u0131n\u0131n sa\u011f\u0131mdan \u00f6nce temizlenmesi hayati \u00f6nem ta\u015f\u0131r. S\u00fct\u00fc bozabilecek olan, g\u00f6r\u00fcnen t\u00fcm lekelerin (\u00f6rn. D\u0131\u015fk\u0131, altl\u0131k, toprak ve \u00e7amur, sa\u011f\u0131m sonras\u0131 dezenfektan kal\u0131nt\u0131lar\u0131), bakteri ve di\u011fer organizmalar\u0131n temizlenmesi gerekir. Kirli g\u00f6r\u00fcnmeyenler de dahil olmak \u00fczere t\u00fcm meme ba\u015flar\u0131 temizlenmelidir. Meme u\u00e7lar\u0131, dezenfektana bat\u0131r\u0131lm\u0131\u015f tek kullan\u0131ml\u0131k havluyla silinmeli veya onaylanm\u0131\u015f bir sa\u011f\u0131m \u00f6ncesi meme dald\u0131rma sol\u00fcsyonu uygulanmal\u0131d\u0131r. Meme ger\u00e7ekten \u00e7ok kirliyse, renksiz (kokusuz) bir sabun ve suyla, \u00e7amura\/kire yap\u0131\u015fm\u0131\u015f olan maddeler, \u00f6zellikle de d\u0131\u015fk\u0131, iyice temizlenmelidir. Meme g\u00f6zle g\u00f6r\u00fcl\u00fcr bi\u00e7imde temizlendikten sonra, sa\u011f\u0131m aletini takmadan \u00f6nce, yukar\u0131da anlat\u0131lan bi\u00e7imde memeleri kurulay\u0131n. Sa\u011f\u0131m \u00f6ncesi meme dald\u0131rma sol\u00fcsyonu, sa\u011f\u0131m aleti tak\u0131lmadan \u00f6nce silinmelidir. Bu maksatla kuru bezle silmek \u00f6nerilmemektedir, bunun yerine, daha fazla bakteri \u00e7\u0131kartt\u0131\u011f\u0131 bilinen, nemli, sol\u00fcsyona bat\u0131r\u0131lm\u0131\u015f, tek kullan\u0131ml\u0131k pe\u00e7etelerin kullan\u0131lmas\u0131 \u00f6nerilmektedir.<\/p>\n\n\n\n<p><strong>SA\u011eIM EK\u0130PMANININ TEM\u0130ZL\u0130\u011e\u0130<\/strong><br>S\u00fct\u00fcn bile\u015fimindeki maddeler \u00f6zellikle de s\u00fct ya\u011f\u0131 s\u00fct\u00fcn i\u00e7inden ge\u00e7ti\u011fi sa\u011f\u0131m ekipmanlar\u0131n\u0131n, borular\u0131n , ve s\u00fct toplama tank\u0131n\u0131n y\u00fczeyine yap\u0131\u015fma yapmaktad\u0131r. S\u00fctteki bir protein olan Kazein de y\u00fczeylere yap\u0131\u015f\u0131p beyaz bir kal\u0131nt\u0131 (s\u00fct ta\u015f\u0131) yapmaktad\u0131r. S\u00fct sa\u011f\u0131m\u0131ndan sonra bu tabakalar\u0131n temizlik a\u015famas\u0131nda y\u00fczeylerden temizlenmesi b\u00fcy\u00fck \u00f6nem ta\u015f\u0131maktad\u0131r; aksi takdirde bir sonraki kullan\u0131mda bu tabakalar s\u00fct\u00fc bula\u015ft\u0131racak bakterilerle dolu olacakt\u0131r.<\/p>\n\n\n\n<p><strong>SA\u011eIM EK\u0130PMANININ TEM\u0130ZL\u0130\u011e\u0130<\/strong><br>Pek \u00e7ok etkili kimyasal temizlik maddeleri piyasada ticari olarak bulunmaktad\u0131r. Se\u00e7ilecek dezenfektan, kullan\u0131lan sa\u011f\u0131m sistemine uygun olmal\u0131d\u0131r. Unutulmamal\u0131d\u0131r ki kullan\u0131lan dezenfektanlar \u00e7ok g\u00fc\u00e7l\u00fc kimyasallar olup son y\u0131kaman\u0131n mutlaka temiz suyla yap\u0131lmas\u0131 kal\u0131nt\u0131 b\u0131rakmamas\u0131 a\u00e7\u0131s\u0131ndan \u00e7ok \u00f6nemlidir.<\/p>\n\n\n\n<p>\u00d6zellikle dikkat edilmesi gereken bir husus da e\u011fer dikkatli ve yeterli bir bi\u00e7imde temizlenmezlerse, s\u00fct tanklar\u0131n\u0131 kirletebilecek olan, s\u00fct\u00fcn bozulmas\u0131n\u0131 sa\u011flayan organizmalard\u0131r. S\u00fct tank\u0131; i\u015fleyici taraf\u0131ndan toplanmadan \u00f6nce s\u00fct\u00fc d\u00fc\u015f\u00fck s\u0131cakl\u0131kta saklamak i\u00e7in kullan\u0131l\u0131r. Bu s\u0131cakl\u0131k normalde, donma noktas\u0131n\u0131n biraz \u00fcst\u00fcnde, 1-4 \u00b0C\u2019dir. Bu i\u015flem sayesinde, pek \u00e7ok bakterinin b\u00fcy\u00fcmesi fi ilen durdurulur ve b\u00f6ylece 24 ile 48 saat aras\u0131nda pek \u00e7ok bakterinin \u00e7o\u011falmas\u0131 engellenir.<br>\u201c\u0130yi temizlenmemi\u015f sa\u011f\u0131m \u00fcnitesinde kalan s\u00fct tortular\u0131, bir sonraki sa\u011f\u0131mda s\u00fcte bakteri yayar.\u201d<br>\u201cHijyenik s\u00fct \u00fcretmek i\u00e7in, hayvanlar\u0131n meme ve meme ba\u015flar\u0131n\u0131n sa\u011f\u0131m \u00f6ncesi temizlenip, dezenfekte edilmesi gerekir.\u201dS\u00fct sa\u011f\u0131m ekipmanlar\u0131 ve memeleri dezenfekte etmekte kullan\u0131lan maddeler g\u00fc\u00e7l\u00fc kimyasallard\u0131r. Temiz ve y\u0131kanm\u0131\u015f y\u00fczeylerde etkinlikleri \u00e7ok fazlad\u0131r. Memelerin sa\u011f\u0131mdan \u00f6nce y\u0131kan\u0131p dezenfektana dald\u0131r\u0131ld\u0131\u011f\u0131 durumlarda dezenfektan\u0131n sa\u011f\u0131mdan \u00f6nce memeden silinmesi memenin kurumas\u0131 ve kimyasallar\u0131n s\u00fcte kar\u0131\u015fmas\u0131n\u0131n engellenmesi gerekir. E\u011fer bu dezenfektanlar memeden temizlenmezse sa\u011f\u0131m ba\u015fl\u0131klar\u0131n\u0131n tak\u0131lmas\u0131 ile s\u00fcte kar\u0131\u015facaklard\u0131r. Meme ba\u015flar\u0131 her zaman tek kullan\u0131ml\u0131k ka\u011f\u0131t havluyla silinmelidir.<\/p>\n","protected":false},"excerpt":{"rendered":"<p>Hijyen Standartlar\u0131n\u0131 Sizler i\u00e7in y\u00fckseltiyoruz. OBEN ailesi olarak sa\u011fl\u0131\u011f\u0131n\u0131z bizim i\u00e7in \u00e7ok \u00f6nemli bu bilin\u00e7 ile ine\u011fin memesinden \u00e7\u0131kan s\u00fct\u00fc temiz bir \u015fekilde fabrikaya ula\u015ft\u0131rmak&hellip;<\/p>\n","protected":false},"author":1,"featured_media":0,"parent":0,"menu_order":0,"comment_status":"closed","ping_status":"closed","template":"","meta":{"footnotes":""},"class_list":["post-899","page","type-page","status-publish","hentry"],"_links":{"self":[{"href":"https:\/\/obentarim.com\/index.php?rest_route=\/wp\/v2\/pages\/899","targetHints":{"allow":["GET"]}}],"collection":[{"href":"https:\/\/obentarim.com\/index.php?rest_route=\/wp\/v2\/pages"}],"about":[{"href":"https:\/\/obentarim.com\/index.php?rest_route=\/wp\/v2\/types\/page"}],"author":[{"embeddable":true,"href":"https:\/\/obentarim.com\/index.php?rest_route=\/wp\/v2\/users\/1"}],"replies":[{"embeddable":true,"href":"https:\/\/obentarim.com\/index.php?rest_route=%2Fwp%2Fv2%2Fcomments&post=899"}],"version-history":[{"count":2,"href":"https:\/\/obentarim.com\/index.php?rest_route=\/wp\/v2\/pages\/899\/revisions"}],"predecessor-version":[{"id":903,"href":"https:\/\/obentarim.com\/index.php?rest_route=\/wp\/v2\/pages\/899\/revisions\/903"}],"wp:attachment":[{"href":"https:\/\/obentarim.com\/index.php?rest_route=%2Fwp%2Fv2%2Fmedia&parent=899"}],"curies":[{"name":"wp","href":"https:\/\/api.w.org\/{rel}","templated":true}]}}