{"id":893,"date":"2024-05-12T19:27:37","date_gmt":"2024-05-12T19:27:37","guid":{"rendered":"https:\/\/obentarim.com\/?page_id=893"},"modified":"2024-05-12T19:27:37","modified_gmt":"2024-05-12T19:27:37","slug":"kapasitelerimiz","status":"publish","type":"page","link":"https:\/\/obentarim.com\/?page_id=893","title":{"rendered":"KAPAS\u0130TELER\u0130M\u0130Z"},"content":{"rendered":"\n<div class=\"wp-block-columns is-layout-flex wp-container-core-columns-is-layout-28f84493 wp-block-columns-is-layout-flex\">\n<div class=\"wp-block-column is-layout-flow wp-block-column-is-layout-flow\" style=\"flex-basis:33.33%\">\n<figure class=\"wp-block-image size-full\"><img loading=\"lazy\" decoding=\"async\" width=\"539\" height=\"505\" src=\"https:\/\/obentarim.com\/wp-content\/uploads\/2024\/05\/cropped-logo1.png\" alt=\"\" class=\"wp-image-872\" srcset=\"https:\/\/obentarim.com\/wp-content\/uploads\/2024\/05\/cropped-logo1.png 539w, https:\/\/obentarim.com\/wp-content\/uploads\/2024\/05\/cropped-logo1-300x281.png 300w\" sizes=\"auto, (max-width: 539px) 100vw, 539px\" \/><\/figure>\n<\/div>\n\n\n\n<div class=\"wp-block-column is-layout-flow wp-block-column-is-layout-flow\" style=\"flex-basis:66.66%\">\n<h6 class=\"wp-block-heading\"><sup>\u00c7iftlik Kapasitemiz\u00a0 1.080\u00a0 Ba\u015f S\u0131\u011f\u0131r d\u0131r.<\/sup><br><sup>Besi Kapasitemiz\u00a0 500 Ba\u015f d\u0131r.<\/sup><br><sup>500 Ba\u015f Sa\u011fmal\u2019l\u0131k\u00a0 Ah\u0131rlar\u0131m\u0131z\u00a0 vard\u0131r.<\/sup><br><sup>Sa\u011f\u0131mhanemizin\u00a0 kapasitesi ; 600 Ba\u015f\u00a0 Sa\u011fmal d\u0131r.<\/sup><br><sup>Sa\u011fmal S\u00fcr\u00fcm\u00fcz,\u00a0 g\u00fcnde\u00a0 3 kez\u00a0 sa\u011f\u0131ma\u00a0 girmektedir.<\/sup><\/h6>\n\n\n\n<h6 class=\"wp-block-heading\"><sup>Sa\u011f\u0131m Sistemimiz\u00a0 16*2 K\u0131l\u00e7\u0131kSistemi\u00a0 FullWood\u00a0 dur.<\/sup><\/h6>\n\n\n\n<h6 class=\"wp-block-heading\"><sup>S\u00fcr\u00fc Y\u00f6netim\u00a0 Sistemimiz\u00a0 mevcuttur. Cristal\u00a0 Yaz\u0131l\u0131m Sistemi\u00a0 ile\u00a0 s\u00fcr\u00fc ve s\u00fct\u00a0\u00a0 verilerini\u00a0 toplamaktay\u0131z.<\/sup><br><sup><strong>2 Adet * 6,5\u00a0 Ton\u00a0 (13 Ton) Kapasiteli\u00a0 S\u00fct\u00a0 So\u011futma Tank\u0131m\u0131z\u00a0 mevcuttur.<\/strong><\/sup><br><sup><strong>Halen;\u00a0 11.500 litre\/g\u00fcn\u00a0 So\u011futulmu\u015f\u00a0 \u00c7i\u011f S\u00fct \u00dcretimi<\/strong><\/sup><\/h6>\n<\/div>\n<\/div>\n","protected":false},"excerpt":{"rendered":"<p>\u00c7iftlik Kapasitemiz\u00a0 1.080\u00a0 Ba\u015f S\u0131\u011f\u0131r d\u0131r.Besi Kapasitemiz\u00a0 500 Ba\u015f d\u0131r.500 Ba\u015f Sa\u011fmal\u2019l\u0131k\u00a0 Ah\u0131rlar\u0131m\u0131z\u00a0 vard\u0131r.Sa\u011f\u0131mhanemizin\u00a0 kapasitesi ; 600 Ba\u015f\u00a0 Sa\u011fmal d\u0131r.Sa\u011fmal S\u00fcr\u00fcm\u00fcz,\u00a0 g\u00fcnde\u00a0 3 kez\u00a0 sa\u011f\u0131ma\u00a0&hellip;<\/p>\n","protected":false},"author":1,"featured_media":0,"parent":0,"menu_order":0,"comment_status":"closed","ping_status":"closed","template":"","meta":{"footnotes":""},"class_list":["post-893","page","type-page","status-publish","hentry"],"_links":{"self":[{"href":"https:\/\/obentarim.com\/index.php?rest_route=\/wp\/v2\/pages\/893","targetHints":{"allow":["GET"]}}],"collection":[{"href":"https:\/\/obentarim.com\/index.php?rest_route=\/wp\/v2\/pages"}],"about":[{"href":"https:\/\/obentarim.com\/index.php?rest_route=\/wp\/v2\/types\/page"}],"author":[{"embeddable":true,"href":"https:\/\/obentarim.com\/index.php?rest_route=\/wp\/v2\/users\/1"}],"replies":[{"embeddable":true,"href":"https:\/\/obentarim.com\/index.php?rest_route=%2Fwp%2Fv2%2Fcomments&post=893"}],"version-history":[{"count":1,"href":"https:\/\/obentarim.com\/index.php?rest_route=\/wp\/v2\/pages\/893\/revisions"}],"predecessor-version":[{"id":895,"href":"https:\/\/obentarim.com\/index.php?rest_route=\/wp\/v2\/pages\/893\/revisions\/895"}],"wp:attachment":[{"href":"https:\/\/obentarim.com\/index.php?rest_route=%2Fwp%2Fv2%2Fmedia&parent=893"}],"curies":[{"name":"wp","href":"https:\/\/api.w.org\/{rel}","templated":true}]}}