{"id":367,"date":"2019-04-19T05:09:06","date_gmt":"2019-04-19T05:09:06","guid":{"rendered":"http:\/\/demo.sparklewpthemes.com\/constructionlight\/?page_id=367"},"modified":"2024-05-12T19:17:28","modified_gmt":"2024-05-12T19:17:28","slug":"about-our-company","status":"publish","type":"page","link":"https:\/\/obentarim.com\/?page_id=367","title":{"rendered":"Hakk\u0131m\u0131zda"},"content":{"rendered":"\n<figure class=\"wp-block-image size-full is-resized\"><img loading=\"lazy\" decoding=\"async\" width=\"539\" height=\"505\" src=\"https:\/\/obentarim.com\/wp-content\/uploads\/2024\/05\/cropped-logo1.png\" alt=\"\" class=\"wp-image-872\" style=\"width:186px;height:auto\" srcset=\"https:\/\/obentarim.com\/wp-content\/uploads\/2024\/05\/cropped-logo1.png 539w, https:\/\/obentarim.com\/wp-content\/uploads\/2024\/05\/cropped-logo1-300x281.png 300w\" sizes=\"auto, (max-width: 539px) 100vw, 539px\" \/><\/figure>\n\n\n\n<h4 class=\"wp-block-heading\"><strong>OBEN TARIM ve HAYVANCILIK\u00a0 \u0130\u015eLETMELER\u0130 SAN.T\u0130C.A.\u015e<\/strong>.<\/h4>\n\n\n\n<h6 class=\"wp-block-heading\">\u015eirketimiz , 2010&nbsp; y\u0131l\u0131 May\u0131s&nbsp; ay\u0131nda&nbsp; kurulmu\u015ftur. 01.Ekim.2010&nbsp; tarihinde L\u00fcleburgaz\/ K\u00fc\u00e7\u00fckkar\u0131\u015ft\u0131ran mevkiindeki&nbsp; 2005&nbsp; y\u0131l\u0131nda&nbsp; kurulmu\u015f&nbsp; olan&nbsp; \u00e7iftli\u011fi&nbsp; t\u00fcm varl\u0131klar\u0131yla&nbsp; sat\u0131n&nbsp; alarak,i\u015fletmeye&nbsp; ba\u015flam\u0131\u015ft\u0131r.\u015eirketimizin kurulu\u015f&nbsp; amac\u0131n\u0131 belirlerken,uzun&nbsp; s\u00fcre&nbsp; T\u00fcrkiye\u2019nin Tar\u0131m&nbsp; ve&nbsp; Hayvanc\u0131l\u0131kta ihtiya\u00e7lar\u0131n\u0131&nbsp; takip&nbsp; ederek ve&nbsp; bu&nbsp; konuda H\u00fck\u00fcmetimizin&nbsp; Tar\u0131m&nbsp; ve Hayvanc\u0131l\u0131k&nbsp; konusundaki kararl\u0131&nbsp; politikalar\u0131ndan&nbsp; g\u00fc\u00e7 alarak \u201cDam\u0131zl\u0131k S\u00fct&nbsp; S\u0131\u011f\u0131rc\u0131l\u0131\u011f\u0131\u201dsekt\u00f6r\u00fc&nbsp; i\u00e7ersinde&nbsp; rol almay\u0131&nbsp; uygun&nbsp; g\u00f6rm\u00fc\u015ft\u00fcr.T\u00fcrkiye&nbsp; Sanayisinin \u00e7e\u015fitli&nbsp; kollar\u0131nda&nbsp; Yar\u0131m As\u0131r\u2019\u0131n&nbsp; \u00fczerinde&nbsp; hizmet vermi\u015f&nbsp; kurulu\u015flar\u0131n,ikinci&nbsp; ku\u015fa\u011f\u0131 olarak 25 y\u0131ld\u0131r&nbsp; faaliyet&nbsp; g\u00f6steren firmalar\u0131n&nbsp; deneyimli kurucular\u0131 bu&nbsp; sekt\u00f6rde&nbsp; de faaliyetlerini&nbsp; s\u00fcrd\u00fcrmek&nbsp; i\u00e7in bir&nbsp; araya&nbsp; gelmi\u015flerdir.<\/h6>\n\n\n\n<h6 class=\"wp-block-heading\">&gt; \u0130nsan&nbsp; , \u0130nsan Sa\u011fl\u0131\u011f\u0131&nbsp; ve&nbsp; Kalite\u2019yi-Hijyen\u2019i&nbsp; daima \u00f6n&nbsp; planda&nbsp; tutarak \u00e7al\u0131\u015fmak.<\/h6>\n\n\n\n<h6 class=\"wp-block-heading\">&gt;Faaliyetlerimiz&nbsp; s\u0131ras\u0131nda \u00c7evreyi&nbsp; ve&nbsp; Do\u011fay\u0131 korumak.<\/h6>\n\n\n\n<h6 class=\"wp-block-heading\">&gt;Teknolojiyi&nbsp; takip etmek&nbsp; ve&nbsp; uygulamak.<\/h6>\n\n\n\n<h6 class=\"wp-block-heading\">&gt;Sekt\u00f6r\u00fcm\u00fczde&nbsp; heyecan ve&nbsp; azimle&nbsp; \u00e7al\u0131\u015farak ,hedef&nbsp; \u00e7\u0131tam\u0131z\u0131&nbsp;&nbsp;&nbsp; y\u00fckselterek&nbsp; yenilik\u00e7i&nbsp; ve yarat\u0131c\u0131&nbsp; olmak.<\/h6>\n\n\n\n<h3 class=\"wp-block-heading\"><strong>\u0130\u015fletmemiz&nbsp; hakk\u0131nda rakamsal&nbsp; bilgileri&nbsp; \u015f\u00f6yle \u00f6zetliyebilirim:&nbsp;<\/strong><\/h3>\n\n\n\n<h6 class=\"wp-block-heading\">\u0130\u015fletmemiz 50.000m\u00b2&nbsp;&nbsp;&nbsp; arazi \u00fczerine kurulmu\u015f olup;<\/h6>\n\n\n\n<h6 class=\"wp-block-heading\">Sa\u011fmal&nbsp; Ah\u0131r 1 ( Kapasitesi:320 Ba\u015f Sa\u011fmal),<\/h6>\n\n\n\n<h6 class=\"wp-block-heading\">Sa\u011fmal&nbsp; Ah\u0131r 2 ( Kapasitesi:180 Ba\u015f sa\u011fmal),<\/h6>\n\n\n\n<h6 class=\"wp-block-heading\">Sa\u011fmal Ah\u0131r 3&nbsp; (Do\u011fumhane \u2013 Yak\u0131n&nbsp; Do\u011fum&nbsp;B\u00f6l\u00fcm\u00fc-Gen\u00e7ler)<\/h6>\n\n\n\n<h6 class=\"wp-block-heading\">Yar\u0131&nbsp;A\u00e7\u0131k&nbsp; Besi Ah\u0131r\u0131 (500 Ba\u015f&nbsp; besi&nbsp;kapasiteli)<\/h6>\n\n\n\n<h6 class=\"wp-block-heading\">Gen\u00e7&nbsp;Hayvan&nbsp; Ah\u0131rlar\u0131&nbsp; ve Kapal\u0131 Yem&nbsp;Yollu&nbsp; Padok&nbsp; alanlar\u0131,<\/h6>\n\n\n\n<h6 class=\"wp-block-heading\">Buza\u011f\u0131&nbsp; Kulubeleri B\u00f6l\u00fcm\u00fc,<\/h6>\n\n\n\n<h6 class=\"wp-block-heading\">Sa\u011f\u0131mhane,<\/h6>\n\n\n\n<h6 class=\"wp-block-heading\">Revir,<\/h6>\n\n\n\n<h6 class=\"wp-block-heading\">Kaba&nbsp; Yem Deposuve&nbsp; Silaj&nbsp;Havuzlar\u0131,<\/h6>\n\n\n\n<h6 class=\"wp-block-heading\">\u0130dari Bina,Bekar&nbsp;\u0130\u015f\u00e7i&nbsp; Lojman\u0131&nbsp; ve&nbsp;Misafirhane,<\/h6>\n\n\n\n<h4 class=\"wp-block-heading\">Aile&nbsp; Lojmanlar\u0131,<\/h4>\n\n\n\n<h6 class=\"wp-block-heading\">Ayr\u0131ca,\u015eirketimizin&nbsp; Kaba Yem&nbsp; ihtiya\u00e7lar\u0131n\u0131n&nbsp; kar\u015f\u0131lanmas\u0131 i\u00e7in&nbsp; 2011&nbsp; Y\u0131l\u0131 i\u00e7erisinde&nbsp; Aksaray&nbsp; \u0130li \/ Sultan Han\u0131 \u0130l\u00e7esi&nbsp; mevkiinde alm\u0131\u015f&nbsp; oldu\u011fu&nbsp; 375.000 m2 tar\u0131m&nbsp; arazisi&nbsp; mevcuttur.Burada&nbsp; yonca tar\u0131m\u0131&nbsp; yapmaktay\u0131z.Kaba&nbsp; Yem&nbsp;<br>i\u00e7ersinde&nbsp; \u00e7ok&nbsp; \u00f6nemli bir&nbsp; yeri&nbsp; olan yoncam\u0131z\u0131&nbsp; yakla\u015f\u0131k&nbsp; 550 &nbsp;ton\/y\u0131l olarak&nbsp; bi\u00e7mekteyiz.K\u00fc\u00e7\u00fckkar\u0131\u015ft\u0131ran&nbsp; mevkiinde bulunan&nbsp; \u00e7iftli\u011fimiz;Dam\u0131zl\u0131k&nbsp; S\u00fct&nbsp; S\u0131\u011f\u0131rc\u0131l\u0131\u011f\u0131&nbsp; \u00c7iftli\u011fidir.<\/h6>\n","protected":false},"excerpt":{"rendered":"<p>OBEN TARIM ve HAYVANCILIK\u00a0 \u0130\u015eLETMELER\u0130 SAN.T\u0130C.A.\u015e. \u015eirketimiz , 2010&nbsp; y\u0131l\u0131 May\u0131s&nbsp; ay\u0131nda&nbsp; kurulmu\u015ftur. 01.Ekim.2010&nbsp; tarihinde L\u00fcleburgaz\/ K\u00fc\u00e7\u00fckkar\u0131\u015ft\u0131ran mevkiindeki&nbsp; 2005&nbsp; y\u0131l\u0131nda&nbsp; kurulmu\u015f&nbsp; olan&nbsp; \u00e7iftli\u011fi&nbsp; t\u00fcm varl\u0131klar\u0131yla&nbsp;&hellip;<\/p>\n","protected":false},"author":1,"featured_media":0,"parent":0,"menu_order":0,"comment_status":"closed","ping_status":"closed","template":"","meta":{"footnotes":""},"class_list":["post-367","page","type-page","status-publish","hentry"],"_links":{"self":[{"href":"https:\/\/obentarim.com\/index.php?rest_route=\/wp\/v2\/pages\/367","targetHints":{"allow":["GET"]}}],"collection":[{"href":"https:\/\/obentarim.com\/index.php?rest_route=\/wp\/v2\/pages"}],"about":[{"href":"https:\/\/obentarim.com\/index.php?rest_route=\/wp\/v2\/types\/page"}],"author":[{"embeddable":true,"href":"https:\/\/obentarim.com\/index.php?rest_route=\/wp\/v2\/users\/1"}],"replies":[{"embeddable":true,"href":"https:\/\/obentarim.com\/index.php?rest_route=%2Fwp%2Fv2%2Fcomments&post=367"}],"version-history":[{"count":2,"href":"https:\/\/obentarim.com\/index.php?rest_route=\/wp\/v2\/pages\/367\/revisions"}],"predecessor-version":[{"id":888,"href":"https:\/\/obentarim.com\/index.php?rest_route=\/wp\/v2\/pages\/367\/revisions\/888"}],"wp:attachment":[{"href":"https:\/\/obentarim.com\/index.php?rest_route=%2Fwp%2Fv2%2Fmedia&parent=367"}],"curies":[{"name":"wp","href":"https:\/\/api.w.org\/{rel}","templated":true}]}}